{"id":82,"date":"2017-12-17T20:34:46","date_gmt":"2017-12-17T19:34:46","guid":{"rendered":"https:\/\/figurenfreak.com\/?page_id=82"},"modified":"2017-12-21T12:28:43","modified_gmt":"2017-12-21T11:28:43","slug":"ueber-mich","status":"publish","type":"page","link":"https:\/\/figurenfreak.com\/?page_id=82","title":{"rendered":"\u00dcber mich"},"content":{"rendered":"<p>Eigentlich ist es immer total doof, etwas \u00fcber sich und seine Person zu erz\u00e4hlen. Ich pers\u00f6nlich komme mir dabei immer vor, als wenn ich vor einer Schulklasse stehen muss und alle einen doof anglubschen. Was ich viel passender an dieser Stelle finde ist, wie ich zu einem gro\u00dfen Star Wars Fan geworden bin und wie sich dar\u00fcber diese Leidenschaft des Sammelns entwickelt hat.<\/p>\n<p>Nun denn&#8230;es war einmal vor langer Zeit&#8230;.<\/p>\n<p>Alles fing bei mir im Jahre 1992 an, manch einer erinnert sich noch an diese Zeit, als es weder gro\u00dfartig Internet, noch Handys gab. Ich war damals im zarten alter von 7 Jahren und schaute mit meinen Eltern im Fernsehen den Film R\u00fcckkehr der Jedi Ritter zum ersten Mal.\u00a0 Gl\u00fccklicherweise verf\u00fcgten wir damals \u00fcber einen VHS Recorder und wir nahmen den Film auf. Mich haute dieser Streifen um! Ich kann es heute nur noch absch\u00e4tzen, aber ich denke ich habe mir den Film damals mindestens 1 Mal die Woche angesehen und pl\u00e4tzlich konnte ich auch alle Dialoge mitsprechen. Sogar die von Jabba und den ganzen Aliens. Das war denke ich auch der Punkt an dem es meiner Familie und meinem Freundeskreis klar wurde, dass ich in gewisser Art und wieder ein Freak bin.<\/p>\n<p>Ich muss hinzuf\u00fcgen, dass ich von den restlichen Filmen nichts wusste. Damals dachte ich, es gibt nur den Film Die R\u00fcckkehr der Jedi Ritter.<\/p>\n<p>Eines Tages &#8211; ich meine sogar noch im gleichen Jahr &#8211; geschah dann die Katastrophe. Ich legte meine VHB in den Recorder, dr\u00fcckte auf Play und ich sah, dass mein Lieblingsfilm \u00fcberspielt wurde. Ich war au\u00dfer mir! Mein Vater hatte meinen Film \u00fcberspielt! Mein eigener Vater! Es war in der damaligen TV Zeitschrift nicht ersichtlich, wann der Film wieder laufen sollte, also schrieb ich den Fernsehsender an, als Antwort kam, dass er erst wieder im kommenden Jahr l\u00e4uft. Ich durchsuchte jegliche VHS Abteilungen in Gesch\u00e4ften, er war nicht zu finden. Mir blieben als Kind in der Zeit nur noch die Erinnerungen.<\/p>\n<p>Das Jahr 1996: Ich &#8211; mittlerweile vom Knirps zum pubert\u00e4ren Klugschei\u00dfer gereift &#8211; sehe im Fernsehen, dass &#8222;mein Film&#8220; als Special Edition ins Kino kommt. An dieser Stelle erfuhr ich auch erst, dass der Film einer von einer Trilogie ist. Nun war ich au\u00dfer Rand und Band. Ich str\u00f6mte ins Kino und 3 Mal darf man raten, wer als erster die VHS Box im damaligen Kaufland in den H\u00e4nden hielt. Meiner einer! Das war dann auch so die Zeit, in der ich die ganzen Figuren von Hasbro entdeckte und aus meinem eigentlichen Schrank f\u00fcr Bettw\u00e4sche, meine erste Sammlung zauberte. Tada:<\/p>\n<p><a href=\"https:\/\/figurenfreak.com\/wp-content\/uploads\/2017\/12\/IMG_20171221_112130.jpg\"><img loading=\"lazy\" decoding=\"async\" class=\"aligncenter size-medium wp-image-157\" src=\"https:\/\/figurenfreak.com\/wp-content\/uploads\/2017\/12\/IMG_20171221_112130-274x300.jpg\" alt=\"\" width=\"274\" height=\"300\" srcset=\"https:\/\/figurenfreak.com\/wp-content\/uploads\/2017\/12\/IMG_20171221_112130-274x300.jpg 274w, https:\/\/figurenfreak.com\/wp-content\/uploads\/2017\/12\/IMG_20171221_112130-768x841.jpg 768w, https:\/\/figurenfreak.com\/wp-content\/uploads\/2017\/12\/IMG_20171221_112130-935x1024.jpg 935w, https:\/\/figurenfreak.com\/wp-content\/uploads\/2017\/12\/IMG_20171221_112130-370x405.jpg 370w, https:\/\/figurenfreak.com\/wp-content\/uploads\/2017\/12\/IMG_20171221_112130-1040x1139.jpg 1040w, https:\/\/figurenfreak.com\/wp-content\/uploads\/2017\/12\/IMG_20171221_112130.jpg 1753w\" sizes=\"auto, (max-width: 274px) 100vw, 274px\" \/><\/a><\/p>\n<p style=\"text-align: center;\">(Bild von ca. 1999)<\/p>\n<p>Wie das nun einmal so ist, wenn man in der Pubert\u00e4t h\u00e4ngt und andere Dinge wichtiger werden, r\u00fcckte \u00fcber ein paar Jahre mein Freak-Dasein in den Hintergrund und so tolle Sachen wir die erste Kippe rauchen, viel Scheisse bauen und Alkohol entdecken standen im Fokus. Star Wars begleitete mich immer, keine Frage, aber erst ab ca. 2006, als ich mich von meiner damaligen Heimat los riss und nach K\u00f6ln zog, gab ich hier wieder Vollgas. Ich hatte meine damaligen Figuren zwischenzeitlich verkauft, da ich auch dringend Geld f\u00fcr den Umzug ben\u00f6tigte. Als ich dann aber in meiner ersten eigenen Wohnung sa\u00df, fehlte etwas. Mir fehlten meine Figuren.<\/p>\n<p>Der &#8222;Funke&#8220; wurde nun wieder durch eine Jabba the Hutt Figur und einen Rancor gez\u00fcndet, die ich mir voller stolz bestellte. Mir war es zwar damals noch etwas peinlich, dass ich das Paket mit den Figuren beim gegen\u00fcberliegenden Hip Hop Laden abholen musste. Auf dem Karton stand ganz gro\u00df Hasbro Toys drauf. Ich erinnere mich noch heute an den Blick des Hip Hoppers. Wobei ich mir nicht sicher bin, ob er so schaute wegen dem Aufdruck auf dem Karton, oder wegen meinem dummen breiten L\u00e4cheln, da ich mich \u00fcber meinen Jabba freute.<\/p>\n<p>Platz war Mangelware, also kamen die Figuren zun\u00e4chst in meinem Expedit Regal unter. Rein optisch hat mir das damals schon nicht gepasst und ich dachte dr\u00fcber nach, wie man hier etwas aufwerten kann. Als ich mich vom Wohnraum vergr\u00f6\u00dferte, kaufte ich mir meine erste Vitrine, dann folgte, die 2., dann die 3. usw.<\/p>\n<p>Bilder von der Entwicklung der Sammlung befinden sich unter dem Punkt <a href=\"https:\/\/figurenfreak.com\/?page_id=112\">HISTORIE MEINER SAMMLUNG<\/a><\/p>\n<p>&nbsp;<\/p>\n","protected":false},"excerpt":{"rendered":"<p>Eigentlich ist es immer total doof, etwas \u00fcber sich und seine Person zu erz\u00e4hlen. Ich pers\u00f6nlich komme mir dabei immer vor, als wenn ich vor einer Schulklasse stehen muss und alle einen doof anglubschen. Was ich viel passender an dieser Stelle finde ist, wie ich zu einem gro\u00dfen Star Wars Fan geworden bin und wie &hellip; <a href=\"https:\/\/figurenfreak.com\/?page_id=82\" class=\"more-link\"><span class=\"screen-reader-text\">\u00dcber mich<\/span> weiterlesen<\/a><\/p>\n","protected":false},"author":1,"featured_media":0,"parent":0,"menu_order":0,"comment_status":"closed","ping_status":"closed","template":"","meta":{"footnotes":""},"class_list":["post-82","page","type-page","status-publish","hentry"],"_links":{"self":[{"href":"https:\/\/figurenfreak.com\/index.php?rest_route=\/wp\/v2\/pages\/82","targetHints":{"allow":["GET"]}}],"collection":[{"href":"https:\/\/figurenfreak.com\/index.php?rest_route=\/wp\/v2\/pages"}],"about":[{"href":"https:\/\/figurenfreak.com\/index.php?rest_route=\/wp\/v2\/types\/page"}],"author":[{"embeddable":true,"href":"https:\/\/figurenfreak.com\/index.php?rest_route=\/wp\/v2\/users\/1"}],"replies":[{"embeddable":true,"href":"https:\/\/figurenfreak.com\/index.php?rest_route=%2Fwp%2Fv2%2Fcomments&post=82"}],"version-history":[{"count":8,"href":"https:\/\/figurenfreak.com\/index.php?rest_route=\/wp\/v2\/pages\/82\/revisions"}],"predecessor-version":[{"id":262,"href":"https:\/\/figurenfreak.com\/index.php?rest_route=\/wp\/v2\/pages\/82\/revisions\/262"}],"wp:attachment":[{"href":"https:\/\/figurenfreak.com\/index.php?rest_route=%2Fwp%2Fv2%2Fmedia&parent=82"}],"curies":[{"name":"wp","href":"https:\/\/api.w.org\/{rel}","templated":true}]}}