{"id":1085,"date":"2023-12-08T08:10:18","date_gmt":"2023-12-08T07:10:18","guid":{"rendered":"https:\/\/figurenfreak.com\/?page_id=1085"},"modified":"2023-12-08T08:10:18","modified_gmt":"2023-12-08T07:10:18","slug":"impressum","status":"publish","type":"page","link":"https:\/\/figurenfreak.com\/?page_id=1085","title":{"rendered":"Impressum"},"content":{"rendered":"\n<p>Angaben gem\u00e4\u00df \u00a7 5 TMG<\/p>\n\n\n\n<p>Tino Haltenhof<br>Breite Str. 21<br>50667 K\u00f6ln<\/p>\n\n\n\n<p><strong>Kontakt:<\/strong><br>Telefon: 0178-30 88 61 5<br>E-Mail:\u00a0th1@gp-server.com<\/p>\n\n\n\n<p><strong>Haftungsausschluss:<\/strong><br><br><strong>Haftung f\u00fcr Links<\/strong><br><br>Unser Angebot enth\u00e4lt Links zu externen Webseiten Dritter, auf deren Inhalte wir keinen Einfluss haben. Deshalb k\u00f6nnen wir f\u00fcr diese fremden Inhalte auch keine Gew\u00e4hr \u00fcbernehmen. F\u00fcr die Inhalte der verlinkten Seiten ist stets der jeweilige Anbieter oder Betreiber der Seiten verantwortlich.<\/p>\n","protected":false},"excerpt":{"rendered":"<p>Angaben gem\u00e4\u00df \u00a7 5 TMG Tino HaltenhofBreite Str. 2150667 K\u00f6ln Kontakt:Telefon: 0178-30 88 61 5E-Mail:\u00a0th1@gp-server.com Haftungsausschluss: Haftung f\u00fcr Links Unser Angebot enth\u00e4lt Links zu externen Webseiten Dritter, auf deren Inhalte wir keinen Einfluss haben. Deshalb k\u00f6nnen wir f\u00fcr diese fremden Inhalte auch keine Gew\u00e4hr \u00fcbernehmen. F\u00fcr die Inhalte der verlinkten Seiten ist stets der jeweilige &hellip; <a href=\"https:\/\/figurenfreak.com\/?page_id=1085\" class=\"more-link\"><span class=\"screen-reader-text\">Impressum<\/span> weiterlesen<\/a><\/p>\n","protected":false},"author":1,"featured_media":0,"parent":0,"menu_order":0,"comment_status":"closed","ping_status":"closed","template":"","meta":{"footnotes":""},"class_list":["post-1085","page","type-page","status-publish","hentry"],"_links":{"self":[{"href":"https:\/\/figurenfreak.com\/index.php?rest_route=\/wp\/v2\/pages\/1085","targetHints":{"allow":["GET"]}}],"collection":[{"href":"https:\/\/figurenfreak.com\/index.php?rest_route=\/wp\/v2\/pages"}],"about":[{"href":"https:\/\/figurenfreak.com\/index.php?rest_route=\/wp\/v2\/types\/page"}],"author":[{"embeddable":true,"href":"https:\/\/figurenfreak.com\/index.php?rest_route=\/wp\/v2\/users\/1"}],"replies":[{"embeddable":true,"href":"https:\/\/figurenfreak.com\/index.php?rest_route=%2Fwp%2Fv2%2Fcomments&post=1085"}],"version-history":[{"count":1,"href":"https:\/\/figurenfreak.com\/index.php?rest_route=\/wp\/v2\/pages\/1085\/revisions"}],"predecessor-version":[{"id":1086,"href":"https:\/\/figurenfreak.com\/index.php?rest_route=\/wp\/v2\/pages\/1085\/revisions\/1086"}],"wp:attachment":[{"href":"https:\/\/figurenfreak.com\/index.php?rest_route=%2Fwp%2Fv2%2Fmedia&parent=1085"}],"curies":[{"name":"wp","href":"https:\/\/api.w.org\/{rel}","templated":true}]}}